{"id":770,"date":"2022-02-23T21:06:46","date_gmt":"2022-02-23T21:06:46","guid":{"rendered":"https:\/\/startersites.io\/stagingfour\/?page_id=770"},"modified":"2026-03-13T17:02:00","modified_gmt":"2026-03-13T22:02:00","slug":"services","status":"publish","type":"page","link":"https:\/\/www.iavisiontec.pe\/?page_id=770","title":{"rendered":"Servicios"},"content":{"rendered":"\n<div class=\"wp-block-stackable-spacer stk-block-spacer stk--no-padding stk-block stk-a48d538\" data-block-id=\"a48d538\"><style>.stk-a48d538 {height:50px !important;}<\/style><\/div>\n\n\n\n<div class=\"wp-block-stackable-columns stk-block-columns stk-block stk-a5bc981 ct-special-features\" data-block-id=\"a5bc981\"><style>.stk-a5bc981 {margin-bottom:0px !important;}.stk-a5bc981-column{--stk-column-gap:35px !important;}@media screen and (max-width:999px){.stk-a5bc981-column{--stk-column-gap:25px !important;}}@media screen and (max-width:689px){.stk-a5bc981-column{row-gap:35px !important;}}<\/style><div class=\"stk-row stk-inner-blocks stk-block-content stk-content-align stk-a5bc981-column\">\n<div class=\"wp-block-stackable-column stk-block-column stk-column stk-block stk-622c7a4 stk-block-background\" data-v=\"4\" data-block-id=\"622c7a4\"><style>.stk-622c7a4-container{margin-top:0px !important;margin-right:0px !important;margin-bottom:0px !important;margin-left:0px !important;}.stk-622c7a4 {background-color:var(--theme-palette-color-8, #ffffff) !important;border-radius:8px !important;overflow:hidden !important;padding-top:80px !important;padding-right:70px !important;padding-bottom:80px !important;padding-left:70px !important;}.stk-622c7a4:hover{background-color:var(--theme-palette-color-1, #e65616) !important;}.stk-622c7a4:before{background-color:var(--theme-palette-color-8, #ffffff) !important;}.stk-622c7a4:hover:before{background-color:var(--theme-palette-color-1, #e65616) !important;}@media screen and (max-width:999px){.stk-622c7a4 {padding-top:40px !important;padding-right:25px !important;padding-bottom:40px !important;padding-left:25px !important;}}<\/style><div class=\"stk-column-wrapper stk-block-column__content stk-container stk-622c7a4-container stk--no-background stk--no-padding\"><div class=\"has-text-align-left stk-block-content stk-inner-blocks stk-622c7a4-inner-blocks\">\n<div class=\"wp-block-stackable-icon stk-block-icon has-text-align-left has-text-align-center-mobile stk-block stk-ea85267\" data-block-id=\"ea85267\"><style>.stk-ea85267 {margin-bottom:50px !important;}.stk-ea85267 .stk--svg-wrapper .stk--inner-svg svg:last-child{height:40px !important;width:40px !important;}.stk-ea85267 .stk--svg-wrapper .stk--inner-svg svg:last-child, .stk-ea85267 .stk--svg-wrapper .stk--inner-svg svg:last-child :is(g, path, rect, polygon, ellipse){fill:var(--theme-palette-color-4, #ffffff) !important;}@media screen and (max-width:999px){.stk-ea85267 {margin-bottom:30px !important;}.stk-ea85267 .stk--svg-wrapper .stk--inner-svg svg:last-child{height:30px !important;width:30px !important;}}<\/style><span class=\"stk--svg-wrapper\"><div class=\"stk--inner-svg\"><svg style=\"height:0;width:0\"><defs><linearGradient id=\"linear-gradient-ea85267\" x1=\"0\" x2=\"100%\" y1=\"0\" y2=\"0\"><stop offset=\"0%\" style=\"stop-opacity:1;stop-color:var(--linear-gradient-ea-85267-color-1)\"><\/stop><stop offset=\"100%\" style=\"stop-opacity:1;stop-color:var(--linear-gradient-ea-85267-color-2)\"><\/stop><\/linearGradient><\/defs><\/svg><svg xmlns=\"http:\/\/www.w3.org\/2000\/svg\" viewBox=\"0 0 512 512\" aria-hidden=\"true\" width=\"32\" height=\"32\"><path d=\"M256 0c4.6 0 9.2 1 13.4 2.9L457.7 82.8c22 9.3 38.4 31 38.3 57.2c-.5 99.2-41.3 280.7-213.6 363.2c-16.7 8-36.1 8-52.8 0C57.3 420.7 16.5 239.2 16 140c-.1-26.2 16.3-47.9 38.3-57.2L242.7 2.9C246.8 1 251.4 0 256 0zm0 66.8V444.8C394 378 431.1 230.1 432 141.4L256 66.8l0 0z\"\/><\/svg><\/div><\/span><\/div>\n\n\n\n<div class=\"wp-block-stackable-heading stk-block-heading stk-block-heading--v2 stk-block stk-592ef48\" id=\"instalacion-de-camaras-de-seguridad\" data-block-id=\"592ef48\"><style>.stk-592ef48 {margin-bottom:16px !important;}.stk-592ef48 .stk-block-heading__text{font-weight:800 !important;}<\/style><h5 class=\"stk-block-heading__text has-text-align-center-mobile\">Instalaci\u00f3n de C\u00e1maras de Seguridad<\/h5><\/div>\n\n\n\n<div class=\"wp-block-stackable-text stk-block-text stk-block stk-67cbb12\" data-block-id=\"67cbb12\"><style>.stk-67cbb12 .stk-block-text__text{color:var(--theme-palette-color-4, #ffffff) !important;}<\/style><p class=\"stk-block-text__text has-text-color has-palette-color-4-color has-text-align-justify has-text-align-center-mobile\"><strong><em>Protecci\u00f3n inteligente a tu alcance.<\/em><\/strong> Realizamos instalaciones profesionales personalizadas para hogares, negocios y empresas. Utilizamos tecnolog\u00eda de vanguardia para garantizar una cobertura total y puntos ciegos inexistentes, permiti\u00e9ndote monitorear tus espacios en tiempo real desde cualquier dispositivo m\u00f3vil.<\/p><\/div>\n<\/div><\/div><\/div>\n\n\n\n<div class=\"wp-block-stackable-column stk-block-column stk-column stk-block stk-a7c50c6 stk-block-background\" data-v=\"4\" data-block-id=\"a7c50c6\"><style>.stk-a7c50c6-container{margin-top:0px !important;margin-right:0px !important;margin-bottom:0px !important;margin-left:0px !important;}.stk-a7c50c6 {background-color:var(--theme-palette-color-8, #ffffff) !important;border-radius:8px !important;overflow:hidden !important;padding-top:80px !important;padding-right:70px !important;padding-bottom:80px !important;padding-left:70px !important;}.stk-a7c50c6:hover{background-color:var(--theme-palette-color-1, #e65616) !important;}.stk-a7c50c6:before{background-color:var(--theme-palette-color-8, #ffffff) !important;}.stk-a7c50c6:hover:before{background-color:var(--theme-palette-color-1, #e65616) !important;}@media screen and (max-width:999px){.stk-a7c50c6 {padding-top:40px !important;padding-right:25px !important;padding-bottom:40px !important;padding-left:25px !important;}}<\/style><div class=\"stk-column-wrapper stk-block-column__content stk-container stk-a7c50c6-container stk--no-background stk--no-padding\"><div class=\"has-text-align-left stk-block-content stk-inner-blocks stk-a7c50c6-inner-blocks\">\n<div class=\"wp-block-stackable-icon stk-block-icon has-text-align-left has-text-align-center-mobile stk-block stk-e5c647e\" data-block-id=\"e5c647e\"><style>.stk-e5c647e {margin-bottom:50px !important;}.stk-e5c647e .stk--svg-wrapper .stk--inner-svg svg:last-child{height:40px !important;width:40px !important;}.stk-e5c647e .stk--svg-wrapper .stk--inner-svg svg:last-child, .stk-e5c647e .stk--svg-wrapper .stk--inner-svg svg:last-child :is(g, path, rect, polygon, ellipse){fill:var(--theme-palette-color-4, #ffffff) !important;}@media screen and (max-width:999px){.stk-e5c647e {margin-bottom:30px !important;}.stk-e5c647e .stk--svg-wrapper .stk--inner-svg svg:last-child{height:30px !important;width:30px !important;}}<\/style><span class=\"stk--svg-wrapper\"><div class=\"stk--inner-svg\"><svg style=\"height:0;width:0\"><defs><linearGradient id=\"linear-gradient-e5c647e\" x1=\"0\" x2=\"100%\" y1=\"0\" y2=\"0\"><stop offset=\"0%\" style=\"stop-opacity:1;stop-color:var(--linear-gradient-e-5-c-647-e-color-1)\"><\/stop><stop offset=\"100%\" style=\"stop-opacity:1;stop-color:var(--linear-gradient-e-5-c-647-e-color-2)\"><\/stop><\/linearGradient><\/defs><\/svg><svg xmlns=\"http:\/\/www.w3.org\/2000\/svg\" viewBox=\"0 0 512 512\" aria-hidden=\"true\" width=\"32\" height=\"32\"><path d=\"M78.6 5C69.1-2.4 55.6-1.5 47 7L7 47c-8.5 8.5-9.4 22-2.1 31.6l80 104c4.5 5.9 11.6 9.4 19 9.4h54.1l109 109c-14.7 29-10 65.4 14.3 89.6l112 112c12.5 12.5 32.8 12.5 45.3 0l64-64c12.5-12.5 12.5-32.8 0-45.3l-112-112c-24.2-24.2-60.6-29-89.6-14.3l-109-109V104c0-7.5-3.5-14.5-9.4-19L78.6 5zM19.9 396.1C7.2 408.8 0 426.1 0 444.1C0 481.6 30.4 512 67.9 512c18 0 35.3-7.2 48-19.9L233.7 374.3c-7.8-20.9-9-43.6-3.6-65.1l-61.7-61.7L19.9 396.1zM512 144c0-10.5-1.1-20.7-3.2-30.5c-2.4-11.2-16.1-14.1-24.2-6l-63.9 63.9c-3 3-7.1 4.7-11.3 4.7H352c-8.8 0-16-7.2-16-16V102.6c0-4.2 1.7-8.3 4.7-11.3l63.9-63.9c8.1-8.1 5.2-21.8-6-24.2C388.7 1.1 378.5 0 368 0C288.5 0 224 64.5 224 144l0 .8 85.3 85.3c36-9.1 75.8 .5 104 28.7L429 274.5c49-23 83-72.8 83-130.5zM56 432a24 24 0 1 1 48 0 24 24 0 1 1 -48 0z\"\/><\/svg><\/div><\/span><\/div>\n\n\n\n<div class=\"wp-block-stackable-heading stk-block-heading stk-block-heading--v2 stk-block stk-4c586e3\" id=\"mantenimiento-preventivo-y-correctivo\" data-block-id=\"4c586e3\"><style>.stk-4c586e3 {margin-bottom:16px !important;}.stk-4c586e3 .stk-block-heading__text{font-weight:800 !important;}<\/style><h5 class=\"stk-block-heading__text has-text-align-center-mobile\">Mantenimiento Preventivo y Correctivo<\/h5><\/div>\n\n\n\n<div class=\"wp-block-stackable-text stk-block-text stk-block stk-3d3d9b7\" data-block-id=\"3d3d9b7\"><style>.stk-3d3d9b7 .stk-block-text__text{color:var(--theme-palette-color-4, #ffffff) !important;}<\/style><p class=\"stk-block-text__text has-text-color has-palette-color-4-color has-text-align-justify has-text-align-center-mobile\"><strong><em>Garantizamos la continuidad de tu seguridad.<\/em><\/strong> Un sistema de vigilancia solo es \u00fatil si funciona correctamente. Ofrecemos planes de mantenimiento que incluyen limpieza de lentes, revisi\u00f3n de conexiones, optimizaci\u00f3n de almacenamiento y actualizaci\u00f3n de software. Resolvemos fallos t\u00e9cnicos r\u00e1pidamente para que nunca dejes de estar protegido.<\/p><\/div>\n<\/div><\/div><\/div>\n\n\n\n<div class=\"wp-block-stackable-column stk-block-column stk-column stk-block stk-fe0d40e stk-block-background\" data-v=\"4\" data-block-id=\"fe0d40e\"><style>.stk-fe0d40e-container{margin-top:0px !important;margin-right:0px !important;margin-bottom:0px !important;margin-left:0px !important;}.stk-fe0d40e {background-color:var(--theme-palette-color-8, #ffffff) !important;border-radius:8px !important;overflow:hidden !important;padding-top:80px !important;padding-right:70px !important;padding-bottom:80px !important;padding-left:70px !important;}.stk-fe0d40e:hover{background-color:var(--theme-palette-color-1, #e65616) !important;}.stk-fe0d40e:before{background-color:var(--theme-palette-color-8, #ffffff) !important;}.stk-fe0d40e:hover:before{background-color:var(--theme-palette-color-1, #e65616) !important;}@media screen and (max-width:999px){.stk-fe0d40e {padding-top:40px !important;padding-right:25px !important;padding-bottom:40px !important;padding-left:25px !important;}}<\/style><div class=\"stk-column-wrapper stk-block-column__content stk-container stk-fe0d40e-container stk--no-background stk--no-padding\"><div class=\"has-text-align-left stk-block-content stk-inner-blocks stk-fe0d40e-inner-blocks\">\n<div class=\"wp-block-stackable-icon stk-block-icon has-text-align-left has-text-align-center-mobile stk-block stk-ab734d8\" data-block-id=\"ab734d8\"><style>.stk-ab734d8 {margin-bottom:50px !important;}.stk-ab734d8 .stk--svg-wrapper .stk--inner-svg svg:last-child{height:40px !important;width:40px !important;}.stk-ab734d8 .stk--svg-wrapper .stk--inner-svg svg:last-child, .stk-ab734d8 .stk--svg-wrapper .stk--inner-svg svg:last-child :is(g, path, rect, polygon, ellipse){fill:var(--theme-palette-color-4, #ffffff) !important;}@media screen and (max-width:999px){.stk-ab734d8 {margin-bottom:30px !important;}.stk-ab734d8 .stk--svg-wrapper .stk--inner-svg svg:last-child{height:30px !important;width:30px !important;}}<\/style><span class=\"stk--svg-wrapper\"><div class=\"stk--inner-svg\"><svg style=\"height:0;width:0\"><defs><linearGradient id=\"linear-gradient-ab734d8\" x1=\"0\" x2=\"100%\" y1=\"0\" y2=\"0\"><stop offset=\"0%\" style=\"stop-opacity:1;stop-color:var(--linear-gradient-ab-734-d-8-color-1)\"><\/stop><stop offset=\"100%\" style=\"stop-opacity:1;stop-color:var(--linear-gradient-ab-734-d-8-color-2)\"><\/stop><\/linearGradient><\/defs><\/svg><svg xmlns=\"http:\/\/www.w3.org\/2000\/svg\" viewBox=\"0 0 576 512\" aria-hidden=\"true\" width=\"32\" height=\"32\"><path d=\"M0 128C0 92.7 28.7 64 64 64H320c35.3 0 64 28.7 64 64V384c0 35.3-28.7 64-64 64H64c-35.3 0-64-28.7-64-64V128zM559.1 99.8c10.4 5.6 16.9 16.4 16.9 28.2V384c0 11.8-6.5 22.6-16.9 28.2s-23 5-32.9-1.6l-96-64L416 337.1V320 192 174.9l14.2-9.5 96-64c9.8-6.5 22.4-7.2 32.9-1.6z\"\/><\/svg><\/div><\/span><\/div>\n\n\n\n<div class=\"wp-block-stackable-heading stk-block-heading stk-block-heading--v2 stk-block stk-9ae91ee\" id=\"venta-de-equipos-de-vigilancia\" data-block-id=\"9ae91ee\"><style>.stk-9ae91ee {margin-bottom:16px !important;}.stk-9ae91ee .stk-block-heading__text{font-weight:800 !important;}<\/style><h5 class=\"stk-block-heading__text has-text-align-center-mobile\">Venta de Equipos de Vigilancia<\/h5><\/div>\n\n\n\n<div class=\"wp-block-stackable-text stk-block-text stk-block stk-eae8bb9\" data-block-id=\"eae8bb9\"><style>.stk-eae8bb9 .stk-block-text__text{color:var(--theme-palette-color-4, #ffffff) !important;}<\/style><p class=\"stk-block-text__text has-text-color has-palette-color-4-color has-text-align-justify has-text-align-center-mobile\"><strong><em>La mejor tecnolog\u00eda para tu tranquilidad.<\/em> <\/strong>Contamos con un cat\u00e1logo seleccionado de las mejores marcas del mercado (IP, Wi-Fi, PTZ y kits completos). Te asesoramos para que elijas el equipo que realmente necesitas, asegurando la mejor relaci\u00f3n calidad-precio y garant\u00eda directa en todos nuestros productos.<\/p><\/div>\n<\/div><\/div><\/div>\n<\/div><\/div>\n\n\n\n<div class=\"wp-block-stackable-spacer stk-block-spacer stk--no-padding stk-block stk-92e11a5\" data-block-id=\"92e11a5\"><style>.stk-92e11a5 {height:35px !important;}@media screen and (max-width:999px){.stk-92e11a5 {height:25px !important;}}@media screen and (max-width:689px){.stk-92e11a5 {height:35px !important;}}<\/style><\/div>\n\n\n\n<div class=\"wp-block-stackable-spacer stk-block-spacer stk--no-padding stk-block stk-8ffdacd\" data-block-id=\"8ffdacd\"><style>.stk-8ffdacd {height:50px !important;}<\/style><\/div>\n\n\n\n<div class=\"wp-block-stackable-spacer stk-block-spacer stk--no-padding stk-block stk-59d9e47\" data-block-id=\"59d9e47\"><style>.stk-59d9e47 {height:20px !important;}@media screen and (max-width:689px){.stk-59d9e47 {height:0px !important;}}<\/style><\/div>\n","protected":false},"excerpt":{"rendered":"<p>Pellentesque tincidunt tristique neque, eget venenatis enim gravida quis. Fusce at egestas libero. Cras convallis egestas ullamcorper suspens.<\/p>\n","protected":false},"author":1,"featured_media":0,"parent":0,"menu_order":0,"comment_status":"closed","ping_status":"closed","template":"","meta":{"footnotes":""},"class_list":["post-770","page","type-page","status-publish","hentry"],"blocksy_meta":{"styles_descriptor":{"styles":{"desktop":"","tablet":"","mobile":""},"google_fonts":[],"version":6}},"_links":{"self":[{"href":"https:\/\/www.iavisiontec.pe\/index.php?rest_route=\/wp\/v2\/pages\/770","targetHints":{"allow":["GET"]}}],"collection":[{"href":"https:\/\/www.iavisiontec.pe\/index.php?rest_route=\/wp\/v2\/pages"}],"about":[{"href":"https:\/\/www.iavisiontec.pe\/index.php?rest_route=\/wp\/v2\/types\/page"}],"author":[{"embeddable":true,"href":"https:\/\/www.iavisiontec.pe\/index.php?rest_route=\/wp\/v2\/users\/1"}],"replies":[{"embeddable":true,"href":"https:\/\/www.iavisiontec.pe\/index.php?rest_route=%2Fwp%2Fv2%2Fcomments&post=770"}],"version-history":[{"count":6,"href":"https:\/\/www.iavisiontec.pe\/index.php?rest_route=\/wp\/v2\/pages\/770\/revisions"}],"predecessor-version":[{"id":861,"href":"https:\/\/www.iavisiontec.pe\/index.php?rest_route=\/wp\/v2\/pages\/770\/revisions\/861"}],"wp:attachment":[{"href":"https:\/\/www.iavisiontec.pe\/index.php?rest_route=%2Fwp%2Fv2%2Fmedia&parent=770"}],"curies":[{"name":"wp","href":"https:\/\/api.w.org\/{rel}","templated":true}]}}